
{"id":2,"date":"2014-12-08T08:29:08","date_gmt":"2014-12-08T08:29:08","guid":{"rendered":"http:\/\/polarbear.ch\/www\/diary\/?page_id=2"},"modified":"2016-03-01T10:36:26","modified_gmt":"2016-03-01T08:36:26","slug":"beispiel-seite","status":"publish","type":"page","link":"https:\/\/www.polarbear.ch\/www\/diary\/?page_id=2","title":{"rendered":"Nordkapp Tour 2014 &#8211; Plan"},"content":{"rendered":"<table class=\"noborder\" border=\"0\">\n<tbody>\n<tr class=\"noborder\">\n<td class=\"noborder\" colspan=\"3\" align=\"center\"><a href=\"http:\/\/polarbear.ch\/www\/diary\/wp-content\/uploads\/2014\/12\/NordkappTour2014.png\"><img loading=\"lazy\" decoding=\"async\" class=\"wp-image-16 size-large noborder\" src=\"http:\/\/polarbear.ch\/www\/diary\/wp-content\/uploads\/2014\/12\/NordkappTour2014-1024x476.png\" alt=\"Nordkapp Tour 2014\" width=\"645\" height=\"299\" srcset=\"https:\/\/www.polarbear.ch\/www\/diary\/wp-content\/uploads\/2014\/12\/NordkappTour2014-1024x476.png 1024w, https:\/\/www.polarbear.ch\/www\/diary\/wp-content\/uploads\/2014\/12\/NordkappTour2014-300x139.png 300w, https:\/\/www.polarbear.ch\/www\/diary\/wp-content\/uploads\/2014\/12\/NordkappTour2014.png 1497w\" sizes=\"auto, (max-width: 645px) 100vw, 645px\" \/><\/a><\/td>\n<\/tr>\n<tr class=\"noborder\">\n<td class=\"noborder\" width=\"3%\"><\/td>\n<td class=\"noborder\" width=\"14%\"><\/td>\n<td class=\"noborder\" width=\"3%\"><\/td>\n<\/tr>\n<tr class=\"noborder\">\n<td class=\"noborder\"><\/td>\n<td class=\"noborder\">\n<h1 style=\"text-align: center;\"><strong>\u00a0December 2014<\/strong><\/h1>\n<\/td>\n<td class=\"noborder\"><\/td>\n<\/tr>\n<tr class=\"noborder\">\n<td class=\"noborder\"><\/td>\n<td class=\"noborder\">\n<h2 style=\"text-align: center;\">18. &#8211; Pratteln (CH)<\/h2>\n<\/td>\n<td class=\"noborder\"><\/td>\n<\/tr>\n<tr class=\"noborder\">\n<td class=\"noborder\"><\/td>\n<td class=\"noborder\">\n<h2 style=\"text-align: center;\">19. &#8211; D\u00fcsseldorf (D)<\/h2>\n<\/td>\n<td class=\"noborder\"><\/td>\n<\/tr>\n<tr class=\"noborder\">\n<td class=\"noborder\"><\/td>\n<td class=\"noborder\">\n<h2 style=\"text-align: center;\">22. &#8211; Nyborg (DK)<\/h2>\n<\/td>\n<td class=\"noborder\"><\/td>\n<\/tr>\n<tr class=\"noborder\">\n<td class=\"noborder\"><\/td>\n<td class=\"noborder\">\n<h2 style=\"text-align: center;\">23. &#8211; Uppsala (S)<\/h2>\n<\/td>\n<td class=\"noborder\"><\/td>\n<\/tr>\n<tr class=\"noborder\">\n<td class=\"noborder\"><\/td>\n<td class=\"noborder\">\n<h2 style=\"text-align: center;\">24. &#8211; Vargbacken (S)<\/h2>\n<\/td>\n<td class=\"noborder\"><\/td>\n<\/tr>\n<tr class=\"noborder\">\n<td class=\"noborder\"><\/td>\n<td class=\"noborder\">\n<h2 style=\"text-align: center;\">25. &#8211; Hammerfest (N)<\/h2>\n<\/td>\n<td class=\"noborder\"><\/td>\n<\/tr>\n<tr class=\"noborder\">\n<td class=\"noborder\"><\/td>\n<td class=\"noborder\">\n<h2 style=\"text-align: center;\">28. &#8211;\u00a0Gjesv\u00e6r (N)<\/h2>\n<\/td>\n<td class=\"noborder\"><\/td>\n<\/tr>\n<tr class=\"noborder\">\n<td class=\"noborder\"><\/td>\n<td class=\"noborder\">\n<h2 style=\"text-align: center;\"><strong>29. &#8211; Nordkapp (N)<\/strong><\/h2>\n<\/td>\n<td class=\"noborder\"><\/td>\n<\/tr>\n<tr class=\"noborder\">\n<td class=\"noborder\"><\/td>\n<td class=\"noborder\">\n<h2 style=\"text-align: center;\">30. &#8211; Oulu (F)<\/h2>\n<\/td>\n<td class=\"noborder\"><\/td>\n<\/tr>\n<tr class=\"noborder\">\n<td class=\"noborder\"><\/td>\n<td class=\"noborder\">\n<h2 style=\"text-align: center;\">31. &#8211; Helsinki (F)<\/h2>\n<\/td>\n<td class=\"noborder\"><\/td>\n<\/tr>\n<tr class=\"noborder\">\n<td class=\"noborder\"><\/td>\n<td class=\"noborder\">\n<h1 style=\"text-align: center;\"><strong>January 2015<\/strong><\/h1>\n<\/td>\n<td class=\"noborder\"><\/td>\n<\/tr>\n<tr class=\"noborder\">\n<td class=\"noborder\"><\/td>\n<td class=\"noborder\">\n<h2 style=\"text-align: center;\">9. &#8211; Travem\u00fcnde (D)<\/h2>\n<\/td>\n<td class=\"noborder\"><\/td>\n<\/tr>\n<tr class=\"noborder\">\n<td class=\"noborder\"><\/td>\n<td class=\"noborder\">\n<h2 style=\"text-align: center;\">10. &#8211; Z\u00fcrich (CH)<\/h2>\n<\/td>\n<td class=\"noborder\"><\/td>\n<\/tr>\n<\/tbody>\n<\/table>\n<p style=\"padding-left: 240px;\"><img loading=\"lazy\" decoding=\"async\" class=\"alignleft wp-image-34 size-full noborder\" src=\"http:\/\/polarbear.ch\/www\/diary\/wp-content\/uploads\/2014\/12\/moose.png\" alt=\"moose\" width=\"190\" height=\"315\" \/><\/p>\n<p style=\"padding-left: 240px;\">\n","protected":false},"excerpt":{"rendered":"<p>\u00a0December 2014 18. &#8211; Pratteln (CH) 19. &#8211; D\u00fcsseldorf (D) 22. &#8211; Nyborg (DK) 23. &#8211; Uppsala (S) 24. &#8211; Vargbacken (S) 25. &#8211; Hammerfest (N) 28. &#8211;\u00a0Gjesv\u00e6r (N) 29. &#8211; Nordkapp (N) 30. &#8211; Oulu (F) 31. &#8211; Helsinki (F) January 2015 9. &#8211; Travem\u00fcnde (D) 10. &#8211; Z\u00fcrich (CH)<\/p>\n","protected":false},"author":2,"featured_media":0,"parent":0,"menu_order":0,"comment_status":"closed","ping_status":"closed","template":"","meta":{"footnotes":""},"class_list":["post-2","page","type-page","status-publish","hentry"],"_links":{"self":[{"href":"https:\/\/www.polarbear.ch\/www\/diary\/index.php?rest_route=\/wp\/v2\/pages\/2","targetHints":{"allow":["GET"]}}],"collection":[{"href":"https:\/\/www.polarbear.ch\/www\/diary\/index.php?rest_route=\/wp\/v2\/pages"}],"about":[{"href":"https:\/\/www.polarbear.ch\/www\/diary\/index.php?rest_route=\/wp\/v2\/types\/page"}],"author":[{"embeddable":true,"href":"https:\/\/www.polarbear.ch\/www\/diary\/index.php?rest_route=\/wp\/v2\/users\/2"}],"replies":[{"embeddable":true,"href":"https:\/\/www.polarbear.ch\/www\/diary\/index.php?rest_route=%2Fwp%2Fv2%2Fcomments&post=2"}],"version-history":[{"count":4,"href":"https:\/\/www.polarbear.ch\/www\/diary\/index.php?rest_route=\/wp\/v2\/pages\/2\/revisions"}],"predecessor-version":[{"id":272,"href":"https:\/\/www.polarbear.ch\/www\/diary\/index.php?rest_route=\/wp\/v2\/pages\/2\/revisions\/272"}],"wp:attachment":[{"href":"https:\/\/www.polarbear.ch\/www\/diary\/index.php?rest_route=%2Fwp%2Fv2%2Fmedia&parent=2"}],"curies":[{"name":"wp","href":"https:\/\/api.w.org\/{rel}","templated":true}]}}