
{"id":265,"date":"2016-03-01T10:08:35","date_gmt":"2016-03-01T08:08:35","guid":{"rendered":"http:\/\/polarbear.ch\/www\/diary\/?page_id=265"},"modified":"2016-10-16T15:53:11","modified_gmt":"2016-10-16T13:53:11","slug":"iceland-tour-2016-plan","status":"publish","type":"page","link":"https:\/\/www.polarbear.ch\/www\/diary\/?page_id=265","title":{"rendered":"Iceland Tour 2016 &#8211; Plan"},"content":{"rendered":"<p><a href=\"http:\/\/polarbear.ch\/www\/diary\/wp-content\/uploads\/2016\/03\/IcelandTour2016_2.png\" rel=\"attachment wp-att-267\"><img loading=\"lazy\" decoding=\"async\" class=\"noborder aligncenter wp-image-267 size-large\" src=\"http:\/\/polarbear.ch\/www\/diary\/wp-content\/uploads\/2016\/03\/IcelandTour2016_2-1024x476.png\" alt=\"Iceland Tour 2016\" width=\"645\" height=\"300\" srcset=\"https:\/\/www.polarbear.ch\/www\/diary\/wp-content\/uploads\/2016\/03\/IcelandTour2016_2-1024x476.png 1024w, https:\/\/www.polarbear.ch\/www\/diary\/wp-content\/uploads\/2016\/03\/IcelandTour2016_2-300x139.png 300w, https:\/\/www.polarbear.ch\/www\/diary\/wp-content\/uploads\/2016\/03\/IcelandTour2016_2-768x357.png 768w, https:\/\/www.polarbear.ch\/www\/diary\/wp-content\/uploads\/2016\/03\/IcelandTour2016_2.png 1497w\" sizes=\"auto, (max-width: 645px) 100vw, 645px\" \/><\/a><\/p>\n<p>&nbsp;<\/p>\n<table class=\"noborder\" border=\"0\">\n<tbody>\n<tr class=\"noborder\">\n<td align=\"center\">\n<h1><b>Oktober 2016<\/b><\/h1>\n<\/td>\n<\/tr>\n<tr class=\"noborder\">\n<td align=\"center\">\n<h2>20. &#8211; Z\u00fcrich (CH)<\/h2>\n<\/td>\n<\/tr>\n<tr class=\"noborder\">\n<td align=\"center\">\n<h2>21. &#8211; L\u00e5sby (DK)<\/h2>\n<\/td>\n<\/tr>\n<tr class=\"noborder\">\n<td align=\"center\">\n<h2>22. \u2013 Hirtshals (DK)<\/h2>\n<\/td>\n<\/tr>\n<tr class=\"noborder\">\n<td align=\"center\">\n<h2>24. &#8211; T\u00f3rshavn (FO)<\/h2>\n<\/td>\n<\/tr>\n<tr class=\"noborder\">\n<td align=\"center\">\n<h2>25. \u2013 Sey\u00f0isfj\u00f6r\u00f0ur (IS) &#8211; Egilssta\u00f0ir (IS) &#8211; Reykjahl\u00ed\u00f0 (IS)<\/h2>\n<\/td>\n<\/tr>\n<tr class=\"noborder\">\n<td align=\"center\">\n<h2>26. \u2013 \u00d3lafsfj\u00f6r\u00f0ur (IS)<\/h2>\n<\/td>\n<\/tr>\n<tr class=\"noborder\">\n<td align=\"center\">\n<h2>30. &#8211; Bl\u00f6ndu\u00f3s (IS)<\/h2>\n<\/td>\n<\/tr>\n<tr class=\"noborder\">\n<td align=\"center\">\n<h2>31. &#8211; Hellissandur \/ \u00d3lafsv\u00edk (IS)<\/h2>\n<\/td>\n<\/tr>\n<tr class=\"noborder\">\n<td align=\"center\">\n<h1><b>November 2016<\/b><\/h1>\n<\/td>\n<\/tr>\n<tr class=\"noborder\">\n<td align=\"center\">\n<h2>1. \u2013 Reykjavik (IS)<\/h2>\n<\/td>\n<\/tr>\n<tr class=\"noborder\">\n<td align=\"center\">\n<h2>6. &#8211; Vik (IS)<\/h2>\n<\/td>\n<\/tr>\n<tr class=\"noborder\">\n<td align=\"center\">\n<h2>7. &#8211; H\u00f6fn (IS)<\/h2>\n<\/td>\n<\/tr>\n<tr class=\"noborder\">\n<td align=\"center\">\n<h2>8. &#8211; St\u00f6\u00f0varfj\u00f6r\u00f0ur (IS)<\/h2>\n<\/td>\n<\/tr>\n<tr class=\"noborder\">\n<td align=\"center\">\n<h2>9. &#8211; Sey\u00f0isfj\u00f6r\u00f0ur (IS)<\/h2>\n<\/td>\n<\/tr>\n<tr class=\"noborder\">\n<td align=\"center\">\n<h2>10. \u2013 T\u00f3rshavn (FO)<\/h2>\n<\/td>\n<\/tr>\n<tr class=\"noborder\">\n<td align=\"center\">\n<h2>12. \u2013 Hirthals (DK)<\/h2>\n<\/td>\n<\/tr>\n<tr class=\"noborder\">\n<td align=\"center\">\n<h2>13. \u2013 Z\u00fcrich (CH)<\/h2>\n<\/td>\n<\/tr>\n<\/tbody>\n<\/table>\n<p><a href=\"http:\/\/polarbear.ch\/www\/diary\/wp-content\/uploads\/2016\/03\/island.png\"><img loading=\"lazy\" decoding=\"async\" class=\"aligncenter wp-image-268 size-medium\" src=\"http:\/\/polarbear.ch\/www\/diary\/wp-content\/uploads\/2016\/03\/island-300x213.png\" alt=\"island\" width=\"300\" height=\"213\" srcset=\"https:\/\/www.polarbear.ch\/www\/diary\/wp-content\/uploads\/2016\/03\/island-300x213.png 300w, https:\/\/www.polarbear.ch\/www\/diary\/wp-content\/uploads\/2016\/03\/island.png 641w\" sizes=\"auto, (max-width: 300px) 100vw, 300px\" \/><\/a><\/p>\n","protected":false},"excerpt":{"rendered":"<p>&nbsp; Oktober 2016 20. &#8211; Z\u00fcrich (CH) 21. &#8211; L\u00e5sby (DK) 22. \u2013 Hirtshals (DK) 24. &#8211; T\u00f3rshavn (FO) 25. \u2013 Sey\u00f0isfj\u00f6r\u00f0ur (IS) &#8211; Egilssta\u00f0ir (IS) &#8211; Reykjahl\u00ed\u00f0 (IS) 26. \u2013 \u00d3lafsfj\u00f6r\u00f0ur (IS) 30. &#8211; Bl\u00f6ndu\u00f3s (IS) 31. &#8211; Hellissandur \/ \u00d3lafsv\u00edk (IS) November 2016 1. \u2013 Reykjavik (IS) 6. &#8211; Vik (IS) 7. &#8211; [&hellip;]<\/p>\n","protected":false},"author":2,"featured_media":0,"parent":0,"menu_order":0,"comment_status":"closed","ping_status":"closed","template":"","meta":{"footnotes":""},"class_list":["post-265","page","type-page","status-publish","hentry"],"_links":{"self":[{"href":"https:\/\/www.polarbear.ch\/www\/diary\/index.php?rest_route=\/wp\/v2\/pages\/265","targetHints":{"allow":["GET"]}}],"collection":[{"href":"https:\/\/www.polarbear.ch\/www\/diary\/index.php?rest_route=\/wp\/v2\/pages"}],"about":[{"href":"https:\/\/www.polarbear.ch\/www\/diary\/index.php?rest_route=\/wp\/v2\/types\/page"}],"author":[{"embeddable":true,"href":"https:\/\/www.polarbear.ch\/www\/diary\/index.php?rest_route=\/wp\/v2\/users\/2"}],"replies":[{"embeddable":true,"href":"https:\/\/www.polarbear.ch\/www\/diary\/index.php?rest_route=%2Fwp%2Fv2%2Fcomments&post=265"}],"version-history":[{"count":10,"href":"https:\/\/www.polarbear.ch\/www\/diary\/index.php?rest_route=\/wp\/v2\/pages\/265\/revisions"}],"predecessor-version":[{"id":305,"href":"https:\/\/www.polarbear.ch\/www\/diary\/index.php?rest_route=\/wp\/v2\/pages\/265\/revisions\/305"}],"wp:attachment":[{"href":"https:\/\/www.polarbear.ch\/www\/diary\/index.php?rest_route=%2Fwp%2Fv2%2Fmedia&parent=265"}],"curies":[{"name":"wp","href":"https:\/\/api.w.org\/{rel}","templated":true}]}}